{"id":1249,"date":"2022-08-01T10:32:09","date_gmt":"2022-08-01T13:32:09","guid":{"rendered":"http:\/\/7digitaltech.com.br\/?page_id=1249"},"modified":"2025-08-06T15:50:43","modified_gmt":"2025-08-06T18:50:43","slug":"suporte","status":"publish","type":"page","link":"https:\/\/7digitaltech.com.br\/en\/suporte\/","title":{"rendered":"Abrir solicita\u00e7\u00e3o de trabalho"},"content":{"rendered":"<p><iframe src=\"https:\/\/runrun.it\/share\/form\/4CTmh-5w87DEIvAi\" width=\"100%\" height=\"1824\"><\/iframe><\/p>","protected":false},"excerpt":{"rendered":"","protected":false},"author":1,"featured_media":1465,"parent":0,"menu_order":0,"comment_status":"closed","ping_status":"closed","template":"","meta":{"_acf_changed":false,"_themeisle_gutenberg_block_has_review":false,"footnotes":""},"class_list":["post-1249","page","type-page","status-publish","has-post-thumbnail","hentry"],"acf":[],"yoast_head":"<!-- This site is optimized with the Yoast SEO plugin v25.9 - https:\/\/yoast.com\/wordpress\/plugins\/seo\/ -->\n<title>Abrir solicita\u00e7\u00e3o de trabalho - 7 Digital Tech<\/title>\n<meta name=\"robots\" content=\"index, follow, max-snippet:-1, max-image-preview:large, max-video-preview:-1\" \/>\n<link rel=\"canonical\" href=\"https:\/\/7digitaltech.com.br\/en\/suporte\/\" \/>\n<meta property=\"og:locale\" content=\"en_US\" \/>\n<meta property=\"og:type\" content=\"article\" \/>\n<meta property=\"og:title\" content=\"Abrir solicita\u00e7\u00e3o de trabalho - 7 Digital Tech\" \/>\n<meta property=\"og:url\" content=\"https:\/\/7digitaltech.com.br\/en\/suporte\/\" \/>\n<meta property=\"og:site_name\" content=\"7 Digital Tech\" \/>\n<meta property=\"article:modified_time\" content=\"2025-08-06T18:50:43+00:00\" \/>\n<meta property=\"og:image\" content=\"https:\/\/7digitaltech.com.br\/wp-content\/uploads\/2023\/06\/suporte.jpg\" \/>\n\t<meta property=\"og:image:width\" content=\"1920\" \/>\n\t<meta property=\"og:image:height\" content=\"1080\" \/>\n\t<meta property=\"og:image:type\" content=\"image\/jpeg\" \/>\n<meta name=\"twitter:card\" content=\"summary_large_image\" \/>\n<meta name=\"twitter:label1\" content=\"Est. reading time\" \/>\n\t<meta name=\"twitter:data1\" content=\"1 minute\" \/>\n<script type=\"application\/ld+json\" class=\"yoast-schema-graph\">{\"@context\":\"https:\/\/schema.org\",\"@graph\":[{\"@type\":\"WebPage\",\"@id\":\"https:\/\/7digitaltech.com.br\/suporte\/\",\"url\":\"https:\/\/7digitaltech.com.br\/suporte\/\",\"name\":\"Abrir solicita\u00e7\u00e3o de trabalho - 7 Digital Tech\",\"isPartOf\":{\"@id\":\"https:\/\/7digitaltech.com.br\/#website\"},\"primaryImageOfPage\":{\"@id\":\"https:\/\/7digitaltech.com.br\/suporte\/#primaryimage\"},\"image\":{\"@id\":\"https:\/\/7digitaltech.com.br\/suporte\/#primaryimage\"},\"thumbnailUrl\":\"https:\/\/7digitaltech.com.br\/wp-content\/uploads\/2023\/06\/suporte.jpg\",\"datePublished\":\"2022-08-01T13:32:09+00:00\",\"dateModified\":\"2025-08-06T18:50:43+00:00\",\"breadcrumb\":{\"@id\":\"https:\/\/7digitaltech.com.br\/suporte\/#breadcrumb\"},\"inLanguage\":\"en-US\",\"potentialAction\":[{\"@type\":\"ReadAction\",\"target\":[\"https:\/\/7digitaltech.com.br\/suporte\/\"]}]},{\"@type\":\"ImageObject\",\"inLanguage\":\"en-US\",\"@id\":\"https:\/\/7digitaltech.com.br\/suporte\/#primaryimage\",\"url\":\"https:\/\/7digitaltech.com.br\/wp-content\/uploads\/2023\/06\/suporte.jpg\",\"contentUrl\":\"https:\/\/7digitaltech.com.br\/wp-content\/uploads\/2023\/06\/suporte.jpg\",\"width\":1920,\"height\":1080},{\"@type\":\"BreadcrumbList\",\"@id\":\"https:\/\/7digitaltech.com.br\/suporte\/#breadcrumb\",\"itemListElement\":[{\"@type\":\"ListItem\",\"position\":1,\"name\":\"In\u00edcio\",\"item\":\"https:\/\/7digitaltech.com.br\/\"},{\"@type\":\"ListItem\",\"position\":2,\"name\":\"Abrir solicita\u00e7\u00e3o de trabalho\"}]},{\"@type\":\"WebSite\",\"@id\":\"https:\/\/7digitaltech.com.br\/#website\",\"url\":\"https:\/\/7digitaltech.com.br\/\",\"name\":\"7 Digital Tech\",\"description\":\"Solu\u00e7\u00f5es de software sob medida, projetadas exclusivamente para voc\u00ea.\",\"publisher\":{\"@id\":\"https:\/\/7digitaltech.com.br\/#organization\"},\"potentialAction\":[{\"@type\":\"SearchAction\",\"target\":{\"@type\":\"EntryPoint\",\"urlTemplate\":\"https:\/\/7digitaltech.com.br\/?s={search_term_string}\"},\"query-input\":{\"@type\":\"PropertyValueSpecification\",\"valueRequired\":true,\"valueName\":\"search_term_string\"}}],\"inLanguage\":\"en-US\"},{\"@type\":\"Organization\",\"@id\":\"https:\/\/7digitaltech.com.br\/#organization\",\"name\":\"7 Digital Tech Solu\u00e7\u00f5es Digitais LTDA\",\"url\":\"https:\/\/7digitaltech.com.br\/\",\"logo\":{\"@type\":\"ImageObject\",\"inLanguage\":\"en-US\",\"@id\":\"https:\/\/7digitaltech.com.br\/#\/schema\/logo\/image\/\",\"url\":\"https:\/\/7digitaltech.com.br\/wp-content\/uploads\/2021\/12\/logo-7DT.png\",\"contentUrl\":\"https:\/\/7digitaltech.com.br\/wp-content\/uploads\/2021\/12\/logo-7DT.png\",\"width\":4712,\"height\":2325,\"caption\":\"7 Digital Tech Solu\u00e7\u00f5es Digitais LTDA\"},\"image\":{\"@id\":\"https:\/\/7digitaltech.com.br\/#\/schema\/logo\/image\/\"}}]}<\/script>\n<!-- \/ Yoast SEO plugin. -->","yoast_head_json":{"title":"Abrir solicita\u00e7\u00e3o de trabalho - 7 Digital Tech","robots":{"index":"index","follow":"follow","max-snippet":"max-snippet:-1","max-image-preview":"max-image-preview:large","max-video-preview":"max-video-preview:-1"},"canonical":"https:\/\/7digitaltech.com.br\/en\/suporte\/","og_locale":"en_US","og_type":"article","og_title":"Abrir solicita\u00e7\u00e3o de trabalho - 7 Digital Tech","og_url":"https:\/\/7digitaltech.com.br\/en\/suporte\/","og_site_name":"7 Digital Tech","article_modified_time":"2025-08-06T18:50:43+00:00","og_image":[{"width":1920,"height":1080,"url":"https:\/\/7digitaltech.com.br\/wp-content\/uploads\/2023\/06\/suporte.jpg","type":"image\/jpeg"}],"twitter_card":"summary_large_image","twitter_misc":{"Est. reading time":"1 minute"},"schema":{"@context":"https:\/\/schema.org","@graph":[{"@type":"WebPage","@id":"https:\/\/7digitaltech.com.br\/suporte\/","url":"https:\/\/7digitaltech.com.br\/suporte\/","name":"Abrir solicita\u00e7\u00e3o de trabalho - 7 Digital Tech","isPartOf":{"@id":"https:\/\/7digitaltech.com.br\/#website"},"primaryImageOfPage":{"@id":"https:\/\/7digitaltech.com.br\/suporte\/#primaryimage"},"image":{"@id":"https:\/\/7digitaltech.com.br\/suporte\/#primaryimage"},"thumbnailUrl":"https:\/\/7digitaltech.com.br\/wp-content\/uploads\/2023\/06\/suporte.jpg","datePublished":"2022-08-01T13:32:09+00:00","dateModified":"2025-08-06T18:50:43+00:00","breadcrumb":{"@id":"https:\/\/7digitaltech.com.br\/suporte\/#breadcrumb"},"inLanguage":"en-US","potentialAction":[{"@type":"ReadAction","target":["https:\/\/7digitaltech.com.br\/suporte\/"]}]},{"@type":"ImageObject","inLanguage":"en-US","@id":"https:\/\/7digitaltech.com.br\/suporte\/#primaryimage","url":"https:\/\/7digitaltech.com.br\/wp-content\/uploads\/2023\/06\/suporte.jpg","contentUrl":"https:\/\/7digitaltech.com.br\/wp-content\/uploads\/2023\/06\/suporte.jpg","width":1920,"height":1080},{"@type":"BreadcrumbList","@id":"https:\/\/7digitaltech.com.br\/suporte\/#breadcrumb","itemListElement":[{"@type":"ListItem","position":1,"name":"In\u00edcio","item":"https:\/\/7digitaltech.com.br\/"},{"@type":"ListItem","position":2,"name":"Abrir solicita\u00e7\u00e3o de trabalho"}]},{"@type":"WebSite","@id":"https:\/\/7digitaltech.com.br\/#website","url":"https:\/\/7digitaltech.com.br\/","name":"7 Digital Tech","description":"Solu\u00e7\u00f5es de software sob medida, projetadas exclusivamente para voc\u00ea.","publisher":{"@id":"https:\/\/7digitaltech.com.br\/#organization"},"potentialAction":[{"@type":"SearchAction","target":{"@type":"EntryPoint","urlTemplate":"https:\/\/7digitaltech.com.br\/?s={search_term_string}"},"query-input":{"@type":"PropertyValueSpecification","valueRequired":true,"valueName":"search_term_string"}}],"inLanguage":"en-US"},{"@type":"Organization","@id":"https:\/\/7digitaltech.com.br\/#organization","name":"7 Digital Tech Solu\u00e7\u00f5es Digitais LTDA","url":"https:\/\/7digitaltech.com.br\/","logo":{"@type":"ImageObject","inLanguage":"en-US","@id":"https:\/\/7digitaltech.com.br\/#\/schema\/logo\/image\/","url":"https:\/\/7digitaltech.com.br\/wp-content\/uploads\/2021\/12\/logo-7DT.png","contentUrl":"https:\/\/7digitaltech.com.br\/wp-content\/uploads\/2021\/12\/logo-7DT.png","width":4712,"height":2325,"caption":"7 Digital Tech Solu\u00e7\u00f5es Digitais LTDA"},"image":{"@id":"https:\/\/7digitaltech.com.br\/#\/schema\/logo\/image\/"}}]}},"_links":{"self":[{"href":"https:\/\/7digitaltech.com.br\/en\/wp-json\/wp\/v2\/pages\/1249","targetHints":{"allow":["GET"]}}],"collection":[{"href":"https:\/\/7digitaltech.com.br\/en\/wp-json\/wp\/v2\/pages"}],"about":[{"href":"https:\/\/7digitaltech.com.br\/en\/wp-json\/wp\/v2\/types\/page"}],"author":[{"embeddable":true,"href":"https:\/\/7digitaltech.com.br\/en\/wp-json\/wp\/v2\/users\/1"}],"replies":[{"embeddable":true,"href":"https:\/\/7digitaltech.com.br\/en\/wp-json\/wp\/v2\/comments?post=1249"}],"version-history":[{"count":12,"href":"https:\/\/7digitaltech.com.br\/en\/wp-json\/wp\/v2\/pages\/1249\/revisions"}],"predecessor-version":[{"id":1285,"href":"https:\/\/7digitaltech.com.br\/en\/wp-json\/wp\/v2\/pages\/1249\/revisions\/1285"}],"wp:featuredmedia":[{"embeddable":true,"href":"https:\/\/7digitaltech.com.br\/en\/wp-json\/wp\/v2\/media\/1465"}],"wp:attachment":[{"href":"https:\/\/7digitaltech.com.br\/en\/wp-json\/wp\/v2\/media?parent=1249"}],"curies":[{"name":"wp","href":"https:\/\/api.w.org\/{rel}","templated":true}]}}